{"id":35,"date":"2015-02-28T15:41:31","date_gmt":"2015-02-28T15:41:31","guid":{"rendered":"http:\/\/unikvc.weblusive-themes.com\/?page_id=35"},"modified":"2017-12-07T16:23:16","modified_gmt":"2017-12-07T18:23:16","slug":"home-default","status":"publish","type":"page","link":"https:\/\/masteccartuchos.com.br\/site\/","title":{"rendered":"Home Default"},"content":{"rendered":"<p>[vc_row css=&#8221;.vc_custom_1425147664372{margin-bottom: 20px !important;}&#8221;][vc_column]<div class=\"box-section  animation fadeInUpBig services-section\" style=\" background-image:url(https:\/\/masteccartuchos.com.br\/site\/wp-content\/uploads\/2015\/02\/18.jpg) !important; background-color:#ffffff !important;\">[vc_column_text]<\/p>\n<h1><\/h1>\n<p>[\/vc_column_text][vc_row_inner][vc_column_inner width=&#8221;1\/3&#8243;]\n\t\t\t<div class=\"services-section   \">\n\t\t\t<div class=\" services-post\">\n\t\t\t\t<div class=\"inner-services-post\">\n\t\t\t\t\t<span><i class=\"fa fa-building\" style=\"color:#ffffff\"><\/i><\/span>\n\t\t\t\t\t<p style=\"color:#ffffff\">Quem Somos<\/p>\n\t\t\t\t\t<a href=\"http:\/\/masteccartuchos.com.br\/site\/about-us\/\" style=\"color:#ffffff; border-color:#ffffff\">Leia mais<\/a>\n\t\t\t\t<\/div>\n\t\t\t  <\/div><\/div>[\/vc_column_inner][vc_column_inner width=&#8221;1\/3&#8243;]\n\t\t\t<div class=\"services-section   \">\n\t\t\t<div class=\" services-post\">\n\t\t\t\t<div class=\"inner-services-post\">\n\t\t\t\t\t<span><i class=\"fa fa-cart-plus\" style=\"color:#ffffff\"><\/i><\/span>\n\t\t\t\t\t<p style=\"color:#ffffff\">Loja Virtual<\/p>\n\t\t\t\t\t<a href=\"http:\/\/masteccartuchos.com.br\/index.php\/\" style=\"color:#ffffff; border-color:#ffffff\">Acesse Aqui<\/a>\n\t\t\t\t<\/div>\n\t\t\t  <\/div><\/div>[\/vc_column_inner][vc_column_inner width=&#8221;1\/3&#8243;]\n\t\t\t<div class=\"services-section   \">\n\t\t\t<div class=\" services-post\">\n\t\t\t\t<div class=\"inner-services-post\">\n\t\t\t\t\t<span><i class=\"fa fa-envelope-o\" style=\"color:#ffffff\"><\/i><\/span>\n\t\t\t\t\t<p style=\"color:#ffffff\">Fale Conosco<\/p>\n\t\t\t\t\t<a href=\"http:\/\/masteccartuchos.com.br\/site\/contact-us\/\" style=\"color:#ffffff; border-color:#ffffff\">Clique Aqui<\/a>\n\t\t\t\t<\/div>\n\t\t\t  <\/div><\/div>[\/vc_column_inner][\/vc_row_inner]<\/div>[\/vc_column][\/vc_row][vc_row css=&#8221;.vc_custom_1425147680220{margin-bottom: 20px !important;}&#8221;][vc_column]<div class=\"box-section  animation lightSpeedIn vertical-tab-section\" style=\"\"><h2 class=\"   \" >SEJA UM FRANQUEADO!<\/h2><div class=\"vertical-tabs-box  \"><ul class=\"nav nav-tabs \"><li class=\"active\"><a href=\"#tabs-85997\" data-toggle=\"tab\"><i class=\"fa fa-laptop\"><\/i>CONCEITO DA FRANQUIA<\/a><\/li>\n<li><a href=\"#tabs-85998\" data-toggle=\"tab\"><i class=\"fa fa-suitcase\"><\/i>DADOS GERAIS<\/a><\/li>\n<li><a href=\"#tabs-85999\" data-toggle=\"tab\"><i class=\"fa fa-wrench\"><\/i>PRINCIPAIS APOIOS AO FRANQUEADO<\/a><\/li><\/ul><div class=\"tab-content\"><div id=\"tabs-85997\" class=\"tab-pane  active\">A franquia<strong> MASTEC Cartuchos Toners <\/strong>compreende o repasse do <em>know-how<\/em> da Franqueadora ao franqueado para opera\u00e7\u00e3o de uma empresa no segmento de inform\u00e1tica, utilizando sua marca e conceito de neg\u00f3cio, com foco na presta\u00e7\u00e3o de servi\u00e7os de copia reprogr\u00e1fica e loca\u00e7\u00e3o de impressoras. O franqueado poder\u00e1 atuar no formato <em>Home Office<\/em>, ideal para o empreendedor que quer come\u00e7ar um neg\u00f3cio com baixo investimento e menor risco.<\/div>\n<div id=\"tabs-85998\" class=\"tab-pane  \"><strong>\u00c1rea total padr\u00e3o<\/strong> &#8211; Franquia Home Office:<\/p>\n<p><strong>Investimento inicial m\u00e9dio<\/strong><strong>: <\/strong>R$ 32,7 mil<\/p>\n<p><strong>Retorno sobre o investimento<\/strong>: 6 a 12 meses<\/p>\n<p><strong>Taxa Inicial de Franquia (TIF<\/strong><strong>)<\/strong>: R$ 7,5 mil<\/p>\n<p><strong>Royalties<\/strong>: 3% sobre Faturamento Bruto<\/p>\n<p><strong>Taxa de publicidade institucional:<\/strong> 2% sobre Faturamento Bruto<\/p>\n<p><strong>Prazo contratual<\/strong>: 5 anos<\/div>\n<div id=\"tabs-85999\" class=\"tab-pane  \"><\/p>\n<ul>\n<li>Assist\u00eancia na montagem e instala\u00e7\u00e3o da Unidade Franqueada;<\/li>\n<li>Treinamento inicial dos franqueados e equipe;<\/li>\n<li>Manual operacional da Franquia;<\/li>\n<li>Assessoria na Inaugura\u00e7\u00e3o da Unidade Franqueada;<\/li>\n<li>Assist\u00eancia cont\u00ednua aos franqueados.<\/li>\n<\/ul>\n<p><\/div><\/div><\/div><div class=\"clearfix\"><\/div><\/div>[\/vc_column][\/vc_row][vc_row css=&#8221;.vc_custom_1425208782885{margin-top: -15px !important;margin-bottom: 20px !important;}&#8221;][vc_column]<div class=\"panelshort unik-line-section animation flipInY box-section\">\n\t\t\t\t<a href=\"http:\/\/masteccartuchos.com.br\/site\/seja-um-franqueado\/\">Saiba\u00a0Mais<\/a><\/p>\n<p>Tenha J\u00e1 uma Franquia da Mastec Cartuchos em sua Cidade!\n\t\t\t<\/div>[\/vc_column][\/vc_row][vc_row css=&#8221;.vc_custom_1425147664372{margin-bottom: 20px !important;}&#8221;][vc_column]<div class=\"box-section  animation rotateInUpLeft services-section2\" style=\" background-image:url(https:\/\/masteccartuchos.com.br\/site\/wp-content\/uploads\/2015\/02\/18.jpg) !important; background-color:#ffffff !important;\">[vc_row_inner css=&#8221;.vc_custom_1425146788755{margin-bottom: 0px !important;}&#8221;][vc_column_inner][vc_column_text]<\/p>\n<h1 style=\"color: #ffffff;\">Nossos servi\u00e7os<\/h1>\n<p>[\/vc_column_text][\/vc_column_inner][\/vc_row_inner][vc_row_inner css=&#8221;.vc_custom_1425205177776{margin-bottom: 0px !important;}&#8221;][vc_column_inner width=&#8221;1\/3&#8243;]<div class=\"services-section2  \">\n\t\t\t\t\t<div class=\"services-post\">\n\t\t\t\t\t\t\t<span><i class=\"fa glyphicon-wrench\"><\/i><\/span>\n\t\t\t\t\t\t\t<h2 style=\"color:#ffffff\">Manuten\u00e7\u00e3o<\/h2>\n\t\t\t\t\t\t\t<p style=\"color:#ffffff\">Manuten\u00e7\u00e3o de impressoras de pequeno, m\u00e9dio e grande porte.<\/p>\n\t\t\t\t\t\t\t<a href=\"#\" style=\"color:#ffffff; border-color:#ffffff\" target=\"_self\">Ver Detalhes<\/a>\n\t\t\t\t\t\t<\/div>\n\t\t\t   <\/div>[\/vc_column_inner][vc_column_inner width=&#8221;1\/3&#8243;]<div class=\"services-section2  \">\n\t\t\t\t\t<div class=\"services-post\">\n\t\t\t\t\t\t\t<span><i class=\"fa fa-tint\"><\/i><\/span>\n\t\t\t\t\t\t\t<h2 style=\"color:#ffffff\">Recarga<\/h2>\n\t\t\t\t\t\t\t<p style=\"color:#ffffff\">Fazemos a recarga de seu cartucho de tinta e de tonner.<\/p>\n\t\t\t\t\t\t\t<a href=\"#\" style=\"color:#ffffff; border-color:#ffffff\" target=\"_self\">Ver Detalhes<\/a>\n\t\t\t\t\t\t<\/div>\n\t\t\t   <\/div>[\/vc_column_inner][vc_column_inner width=&#8221;1\/3&#8243;]<div class=\"services-section2  \">\n\t\t\t\t\t<div class=\"services-post\">\n\t\t\t\t\t\t\t<span><i class=\"fa fa-shopping-cart\"><\/i><\/span>\n\t\t\t\t\t\t\t<h2 style=\"color:#ffffff\">Venda e Aluguel<\/h2>\n\t\t\t\t\t\t\t<p style=\"color:#ffffff\">Venda e aluguel de impressoras em geral para voc\u00ea e sua empresa.<\/p>\n\t\t\t\t\t\t\t<a href=\"#\" style=\"color:#ffffff; border-color:#ffffff\" target=\"_self\">Ver Detalhes<\/a>\n\t\t\t\t\t\t<\/div>\n\t\t\t   <\/div>[\/vc_column_inner][\/vc_row_inner]<\/div>[\/vc_column][\/vc_row][vc_row css=&#8221;.vc_custom_1425147689334{margin-bottom: 20px !important;}&#8221;][vc_column]<div class=\"box-section  animation flipInX video-section\" style=\"\"><h2 class=\"   \" >V\u00cdDEOS <\/h2>[vc_row_inner css=&#8221;.vc_custom_1425147520521{margin-bottom: 0px !important;}&#8221;][vc_column_inner width=&#8221;1\/2&#8243;]<div class=\"videoshort animation  \"><iframe width=\"420\" height=\"255\" src=\"http:\/\/www.youtube.com\/embed\/CS0oQy3Gtec?autoplay=0\" class=\"vid iframe-youtube\"><\/iframe><\/div>[\/vc_column_inner][vc_column_inner width=&#8221;1\/2&#8243;][\/vc_column_inner][\/vc_row_inner]<\/div>[\/vc_column][\/vc_row]<\/p>\n","protected":false},"excerpt":{"rendered":"<p>[vc_row css=&#8221;.vc_custom_1425147664372{margin-bottom: 20px !important;}&#8221;][vc_column][\/vc_column][\/vc_row][vc_row css=&#8221;.vc_custom_1425147680220{margin-bottom: 20px !important;}&#8221;][vc_column][\/vc_column][\/vc_row][vc_row css=&#8221;.vc_custom_1425208782885{margin-top: -15px !important;margin-bottom: 20px !important;}&#8221;][vc_column][\/vc_column][\/vc_row][vc_row css=&#8221;.vc_custom_1425147664372{margin-bottom: 20px !important;}&#8221;][vc_column][\/vc_column][\/vc_row][vc_row css=&#8221;.vc_custom_1425147689334{margin-bottom: 20px !important;}&#8221;][vc_column][\/vc_column][\/vc_row]<\/p>\n","protected":false},"author":2,"featured_media":0,"parent":0,"menu_order":0,"comment_status":"open","ping_status":"open","template":"homepage-template.php","meta":[],"_links":{"self":[{"href":"https:\/\/masteccartuchos.com.br\/site\/wp-json\/wp\/v2\/pages\/35"}],"collection":[{"href":"https:\/\/masteccartuchos.com.br\/site\/wp-json\/wp\/v2\/pages"}],"about":[{"href":"https:\/\/masteccartuchos.com.br\/site\/wp-json\/wp\/v2\/types\/page"}],"author":[{"embeddable":true,"href":"https:\/\/masteccartuchos.com.br\/site\/wp-json\/wp\/v2\/users\/2"}],"replies":[{"embeddable":true,"href":"https:\/\/masteccartuchos.com.br\/site\/wp-json\/wp\/v2\/comments?post=35"}],"version-history":[{"count":34,"href":"https:\/\/masteccartuchos.com.br\/site\/wp-json\/wp\/v2\/pages\/35\/revisions"}],"predecessor-version":[{"id":442,"href":"https:\/\/masteccartuchos.com.br\/site\/wp-json\/wp\/v2\/pages\/35\/revisions\/442"}],"wp:attachment":[{"href":"https:\/\/masteccartuchos.com.br\/site\/wp-json\/wp\/v2\/media?parent=35"}],"curies":[{"name":"wp","href":"https:\/\/api.w.org\/{rel}","templated":true}]}}